{"id":577,"date":"2025-04-10T15:48:46","date_gmt":"2025-04-10T13:48:46","guid":{"rendered":"https:\/\/collegeleonardlenoir.fr\/?page_id=577"},"modified":"2025-07-11T15:15:07","modified_gmt":"2025-07-11T13:15:07","slug":"pronote-2","status":"publish","type":"page","link":"https:\/\/collegeleonardlenoir.fr\/index.php\/pronote-2\/","title":{"rendered":"Pronote"},"content":{"rendered":"\n<p>L&rsquo; application pronote vous permet d&rsquo;acc\u00e9der<\/p>\n\n\n\n<ul class=\"wp-block-list\">\n<li>d&rsquo;acc\u00e9der \u00e0 l&#8217;emploi du temps<\/li>\n\n\n\n<li>d&rsquo;acc\u00e9der aux agendas et cahier de texte (devoirs et apprentissages)<\/li>\n\n\n\n<li>de contr\u00f4ler les absences et les retards de vos enfants <\/li>\n\n\n\n<li>de suivre les r\u00e9sultats de vos enfants <\/li>\n\n\n\n<li>de communiquer avec les enseignants, l&rsquo;administration et direction.<\/li>\n<\/ul>\n\n\n\n<ul class=\"wp-block-list\">\n<li><\/li>\n\n\n\n<li><a href=\"https:\/\/0331618e.index-education.net\/pronote\/\">ici<\/a> <\/li>\n\n\n\n<li>en t\u00e9l\u00e9chargeant l&rsquo;application sur votre t\u00e9l\u00e9phone<\/li>\n\n\n\n<li>en g\u00e9n\u00e9rant un QR code (voir proc\u00e9dure ci-dessous).<\/li>\n<\/ul>\n\n\n<\/p>\n\n\n<p><\/p>\n\n\n\n<p>Aucun code Pronote n&rsquo;est distribu\u00e9 par le coll\u00e8ge, vous devez vous connecter via votre compte <a href=\"https:\/\/collegeleonardlenoir.fr\/wp-admin\/customize.php?url=https%3A%2F%2Fcollegeleonardlenoir.fr%2Findex.php%2Feduconnect%2F\">Educonnect<\/a>.<\/p>\n\n\n\n<p><\/p>\n","protected":false},"excerpt":{"rendered":"<p>L&rsquo; application pronote vous permet d&rsquo;acc\u00e9der Aucun code Pronote n&rsquo;est distribu\u00e9 par le coll\u00e8ge, vous devez vous connecter via votre compte Educonnect.<\/p>\n","protected":false},"author":1,"featured_media":0,"parent":0,"menu_order":0,"comment_status":"closed","ping_status":"closed","template":"","meta":{"ocean_post_layout":"","ocean_both_sidebars_style":"","ocean_both_sidebars_content_width":0,"ocean_both_sidebars_sidebars_width":0,"ocean_sidebar":"","ocean_second_sidebar":"","ocean_disable_margins":"enable","ocean_add_body_class":"","ocean_shortcode_before_top_bar":"","ocean_shortcode_after_top_bar":"","ocean_shortcode_before_header":"","ocean_shortcode_after_header":"","ocean_has_shortcode":"","ocean_shortcode_after_title":"","ocean_shortcode_before_footer_widgets":"","ocean_shortcode_after_footer_widgets":"","ocean_shortcode_before_footer_bottom":"","ocean_shortcode_after_footer_bottom":"","ocean_display_top_bar":"default","ocean_display_header":"default","ocean_header_style":"","ocean_center_header_left_menu":"","ocean_custom_header_template":"","ocean_custom_logo":0,"ocean_custom_retina_logo":0,"ocean_custom_logo_max_width":0,"ocean_custom_logo_tablet_max_width":0,"ocean_custom_logo_mobile_max_width":0,"ocean_custom_logo_max_height":0,"ocean_custom_logo_tablet_max_height":0,"ocean_custom_logo_mobile_max_height":0,"ocean_header_custom_menu":"","ocean_menu_typo_font_family":"","ocean_menu_typo_font_subset":"","ocean_menu_typo_font_size":0,"ocean_menu_typo_font_size_tablet":0,"ocean_menu_typo_font_size_mobile":0,"ocean_menu_typo_font_size_unit":"px","ocean_menu_typo_font_weight":"","ocean_menu_typo_font_weight_tablet":"","ocean_menu_typo_font_weight_mobile":"","ocean_menu_typo_transform":"","ocean_menu_typo_transform_tablet":"","ocean_menu_typo_transform_mobile":"","ocean_menu_typo_line_height":0,"ocean_menu_typo_line_height_tablet":0,"ocean_menu_typo_line_height_mobile":0,"ocean_menu_typo_line_height_unit":"","ocean_menu_typo_spacing":0,"ocean_menu_typo_spacing_tablet":0,"ocean_menu_typo_spacing_mobile":0,"ocean_menu_typo_spacing_unit":"","ocean_menu_link_color":"","ocean_menu_link_color_hover":"","ocean_menu_link_color_active":"","ocean_menu_link_background":"","ocean_menu_link_hover_background":"","ocean_menu_link_active_background":"","ocean_menu_social_links_bg":"","ocean_menu_social_hover_links_bg":"","ocean_menu_social_links_color":"","ocean_menu_social_hover_links_color":"","ocean_disable_title":"default","ocean_disable_heading":"default","ocean_post_title":"","ocean_post_subheading":"","ocean_post_title_style":"","ocean_post_title_background_color":"","ocean_post_title_background":0,"ocean_post_title_bg_image_position":"","ocean_post_title_bg_image_attachment":"","ocean_post_title_bg_image_repeat":"","ocean_post_title_bg_image_size":"","ocean_post_title_height":0,"ocean_post_title_bg_overlay":0.5,"ocean_post_title_bg_overlay_color":"","ocean_disable_breadcrumbs":"default","ocean_breadcrumbs_color":"","ocean_breadcrumbs_separator_color":"","ocean_breadcrumbs_links_color":"","ocean_breadcrumbs_links_hover_color":"","ocean_display_footer_widgets":"default","ocean_display_footer_bottom":"default","ocean_custom_footer_template":"","footnotes":""},"class_list":["post-577","page","type-page","status-publish","hentry","entry"],"_links":{"self":[{"href":"https:\/\/collegeleonardlenoir.fr\/index.php\/wp-json\/wp\/v2\/pages\/577","targetHints":{"allow":["GET"]}}],"collection":[{"href":"https:\/\/collegeleonardlenoir.fr\/index.php\/wp-json\/wp\/v2\/pages"}],"about":[{"href":"https:\/\/collegeleonardlenoir.fr\/index.php\/wp-json\/wp\/v2\/types\/page"}],"author":[{"embeddable":true,"href":"https:\/\/collegeleonardlenoir.fr\/index.php\/wp-json\/wp\/v2\/users\/1"}],"replies":[{"embeddable":true,"href":"https:\/\/collegeleonardlenoir.fr\/index.php\/wp-json\/wp\/v2\/comments?post=577"}],"version-history":[{"count":9,"href":"https:\/\/collegeleonardlenoir.fr\/index.php\/wp-json\/wp\/v2\/pages\/577\/revisions"}],"predecessor-version":[{"id":1089,"href":"https:\/\/collegeleonardlenoir.fr\/index.php\/wp-json\/wp\/v2\/pages\/577\/revisions\/1089"}],"wp:attachment":[{"href":"https:\/\/collegeleonardlenoir.fr\/index.php\/wp-json\/wp\/v2\/media?parent=577"}],"curies":[{"name":"wp","href":"https:\/\/api.w.org\/{rel}","templated":true}]}}