{"id":518,"date":"2025-03-27T13:27:46","date_gmt":"2025-03-27T12:27:46","guid":{"rendered":"https:\/\/collegeleonardlenoir.fr\/?page_id=518"},"modified":"2025-06-02T07:55:54","modified_gmt":"2025-06-02T05:55:54","slug":"inscription-au-college","status":"publish","type":"page","link":"https:\/\/collegeleonardlenoir.fr\/index.php\/inscription-au-college\/","title":{"rendered":"Inscription au coll\u00e8ge"},"content":{"rendered":"<h1 style=\"text-align: center;\">Comment \u00eatre inscrit au coll\u00e8ge L\u00e9onard Lenoir\u00a0?<\/h1>\n<h1>En classe de 6\u00e8 :<\/h1>\n<p style=\"text-align: left;\">Les demandes d\u2019inscriptions pour l\u2019entr\u00e9e en 6<sup>e<\/sup> est g\u00e9r\u00e9e par les \u00e9coles primaires. Les parents des \u00e9l\u00e8ves de CM2 communiquent avec l\u2019\u00e9cole de leurs enfants pour choisir le futur coll\u00e8ge.<\/p>\n<p style=\"text-align: left;\"><img fetchpriority=\"high\" decoding=\"async\" class=\"size-full wp-image-519 aligncenter\" src=\"https:\/\/collegeleonardlenoir.fr\/wp-content\/uploads\/2025\/03\/Infographie-inscription-college-6e.png\" alt=\"\" width=\"427\" height=\"934\" srcset=\"https:\/\/collegeleonardlenoir.fr\/wp-content\/uploads\/2025\/03\/Infographie-inscription-college-6e.png 427w, https:\/\/collegeleonardlenoir.fr\/wp-content\/uploads\/2025\/03\/Infographie-inscription-college-6e-137x300.png 137w\" sizes=\"(max-width: 427px) 100vw, 427px\" \/><\/p>\n\n\n<p>Autres niveaux&nbsp;:<\/p>\n\n\n\n<p>Le secteur est partag\u00e9 par deux coll\u00e8ges, L\u00e9onard Lenoir et Jacques Ellul. Ainsi, afin d\u2019assurer une bonne r\u00e9partition des \u00e9l\u00e8ves dans les deux \u00e9tablissements nous ne faisons pas d\u2019inscription directe et il est n\u00e9cessaire de passer par une demande d\u2019affectation aupr\u00e8s de la DSDEN 33.<\/p>\n\n\n\n<p>Le site de la DSDEN : <a href=\"https:\/\/www.education.gouv.fr\/l-inscription-au-college-11987\">https:\/\/www.education.gouv.fr\/l-inscription-au-college-11987<\/a><\/p>\n\n\n\n<p>Le contact de la DSDEN 33&nbsp;:<\/p>\n\n\n\n<p>T\u00e9l\u00e9phone&nbsp;: 05 56 56 36 00<\/p>\n\n\n\n<p>Adresse mail&nbsp;: <a href=\"mailto:dsden33-divel1@ac-bordeaux.fr\">dsden33-divel1@ac-bordeaux.fr<\/a><\/p>\n\n\n\n<p class=\"has-large-font-size\"><strong>Que faire une fois l\u2019affectation re\u00e7ue&nbsp;?<\/strong><\/p>\n\n\n\n<p>&nbsp;&nbsp;&nbsp;&nbsp;&nbsp;&nbsp;&nbsp;&nbsp;&nbsp;&nbsp;&nbsp;&nbsp;&nbsp;&nbsp;&nbsp; Il faut rentrer en contact avec le secr\u00e9tariat qui s\u2019assurera de vous faire parvenir le dossier d\u2019inscription. Ce dossier doit \u00eatre remplie et toutes les pi\u00e8ces obligatoires doivent \u00eatre fourniers pour valider l\u2019inscription au coll\u00e8ge.<\/p>\n\n\n\n<p><\/p>\n","protected":false},"excerpt":{"rendered":"<p>Comment \u00eatre inscrit au coll\u00e8ge L\u00e9onard Lenoir\u00a0? En classe de 6\u00e8 : Les demandes d\u2019inscriptions pour l\u2019entr\u00e9e en 6e est g\u00e9r\u00e9e par les \u00e9coles primaires. Les parents des \u00e9l\u00e8ves de CM2 communiquent avec l\u2019\u00e9cole de leurs enfants pour choisir le futur coll\u00e8ge. Autres niveaux&nbsp;: Le secteur est partag\u00e9 par deux coll\u00e8ges, L\u00e9onard Lenoir et Jacques Ellul. Ainsi, afin d\u2019assurer une bonne r\u00e9partition des \u00e9l\u00e8ves dans les deux \u00e9tablissements nous ne faisons pas d\u2019inscription directe et il est n\u00e9cessaire de passer par une demande d\u2019affectation aupr\u00e8s de la DSDEN 33. Le site de la DSDEN : https:\/\/www.education.gouv.fr\/l-inscription-au-college-11987 Le contact de la DSDEN 33&nbsp;: T\u00e9l\u00e9phone&nbsp;: 05 56 56 36 00 Adresse mail&nbsp;: dsden33-divel1@ac-bordeaux.fr Que faire une fois l\u2019affectation re\u00e7ue&nbsp;? &nbsp;&nbsp;&nbsp;&nbsp;&nbsp;&nbsp;&nbsp;&nbsp;&nbsp;&nbsp;&nbsp;&nbsp;&nbsp;&nbsp;&nbsp; Il faut rentrer en contact avec le secr\u00e9tariat qui s\u2019assurera de vous faire parvenir le dossier d\u2019inscription. Ce dossier doit \u00eatre remplie et toutes les pi\u00e8ces obligatoires doivent \u00eatre fourniers pour valider l\u2019inscription au coll\u00e8ge.<\/p>\n","protected":false},"author":1,"featured_media":0,"parent":0,"menu_order":0,"comment_status":"closed","ping_status":"closed","template":"","meta":{"ocean_post_layout":"","ocean_both_sidebars_style":"","ocean_both_sidebars_content_width":0,"ocean_both_sidebars_sidebars_width":0,"ocean_sidebar":"","ocean_second_sidebar":"","ocean_disable_margins":"enable","ocean_add_body_class":"","ocean_shortcode_before_top_bar":"","ocean_shortcode_after_top_bar":"","ocean_shortcode_before_header":"","ocean_shortcode_after_header":"","ocean_has_shortcode":"","ocean_shortcode_after_title":"","ocean_shortcode_before_footer_widgets":"","ocean_shortcode_after_footer_widgets":"","ocean_shortcode_before_footer_bottom":"","ocean_shortcode_after_footer_bottom":"","ocean_display_top_bar":"default","ocean_display_header":"default","ocean_header_style":"","ocean_center_header_left_menu":"","ocean_custom_header_template":"","ocean_custom_logo":0,"ocean_custom_retina_logo":0,"ocean_custom_logo_max_width":0,"ocean_custom_logo_tablet_max_width":0,"ocean_custom_logo_mobile_max_width":0,"ocean_custom_logo_max_height":0,"ocean_custom_logo_tablet_max_height":0,"ocean_custom_logo_mobile_max_height":0,"ocean_header_custom_menu":"","ocean_menu_typo_font_family":"","ocean_menu_typo_font_subset":"","ocean_menu_typo_font_size":0,"ocean_menu_typo_font_size_tablet":0,"ocean_menu_typo_font_size_mobile":0,"ocean_menu_typo_font_size_unit":"px","ocean_menu_typo_font_weight":"","ocean_menu_typo_font_weight_tablet":"","ocean_menu_typo_font_weight_mobile":"","ocean_menu_typo_transform":"","ocean_menu_typo_transform_tablet":"","ocean_menu_typo_transform_mobile":"","ocean_menu_typo_line_height":0,"ocean_menu_typo_line_height_tablet":0,"ocean_menu_typo_line_height_mobile":0,"ocean_menu_typo_line_height_unit":"","ocean_menu_typo_spacing":0,"ocean_menu_typo_spacing_tablet":0,"ocean_menu_typo_spacing_mobile":0,"ocean_menu_typo_spacing_unit":"","ocean_menu_link_color":"","ocean_menu_link_color_hover":"","ocean_menu_link_color_active":"","ocean_menu_link_background":"","ocean_menu_link_hover_background":"","ocean_menu_link_active_background":"","ocean_menu_social_links_bg":"","ocean_menu_social_hover_links_bg":"","ocean_menu_social_links_color":"","ocean_menu_social_hover_links_color":"","ocean_disable_title":"default","ocean_disable_heading":"default","ocean_post_title":"","ocean_post_subheading":"","ocean_post_title_style":"","ocean_post_title_background_color":"","ocean_post_title_background":0,"ocean_post_title_bg_image_position":"","ocean_post_title_bg_image_attachment":"","ocean_post_title_bg_image_repeat":"","ocean_post_title_bg_image_size":"","ocean_post_title_height":0,"ocean_post_title_bg_overlay":0.5,"ocean_post_title_bg_overlay_color":"","ocean_disable_breadcrumbs":"default","ocean_breadcrumbs_color":"","ocean_breadcrumbs_separator_color":"","ocean_breadcrumbs_links_color":"","ocean_breadcrumbs_links_hover_color":"","ocean_display_footer_widgets":"default","ocean_display_footer_bottom":"default","ocean_custom_footer_template":"","footnotes":""},"class_list":["post-518","page","type-page","status-publish","hentry","entry"],"_links":{"self":[{"href":"https:\/\/collegeleonardlenoir.fr\/index.php\/wp-json\/wp\/v2\/pages\/518","targetHints":{"allow":["GET"]}}],"collection":[{"href":"https:\/\/collegeleonardlenoir.fr\/index.php\/wp-json\/wp\/v2\/pages"}],"about":[{"href":"https:\/\/collegeleonardlenoir.fr\/index.php\/wp-json\/wp\/v2\/types\/page"}],"author":[{"embeddable":true,"href":"https:\/\/collegeleonardlenoir.fr\/index.php\/wp-json\/wp\/v2\/users\/1"}],"replies":[{"embeddable":true,"href":"https:\/\/collegeleonardlenoir.fr\/index.php\/wp-json\/wp\/v2\/comments?post=518"}],"version-history":[{"count":4,"href":"https:\/\/collegeleonardlenoir.fr\/index.php\/wp-json\/wp\/v2\/pages\/518\/revisions"}],"predecessor-version":[{"id":619,"href":"https:\/\/collegeleonardlenoir.fr\/index.php\/wp-json\/wp\/v2\/pages\/518\/revisions\/619"}],"wp:attachment":[{"href":"https:\/\/collegeleonardlenoir.fr\/index.php\/wp-json\/wp\/v2\/media?parent=518"}],"curies":[{"name":"wp","href":"https:\/\/api.w.org\/{rel}","templated":true}]}}