{"id":295,"date":"2025-03-25T15:05:34","date_gmt":"2025-03-25T14:05:34","guid":{"rendered":"https:\/\/collegeleonardlenoir.fr\/?page_id=295"},"modified":"2025-07-11T07:19:49","modified_gmt":"2025-07-11T05:19:49","slug":"cdi","status":"publish","type":"page","link":"https:\/\/collegeleonardlenoir.fr\/index.php\/cdi\/","title":{"rendered":"CDI"},"content":{"rendered":"\n<p>Professeure documentaliste : Madame Di Franco <\/p>\n\n\n\n<h2 class=\"wp-block-heading\">Pr\u00e9sentation <\/h2>\n\n\n\n<p>Le CDI (Centre de Documentation et d&rsquo;Information) est un espace ouvert aux \u00e9l\u00e8ves et \u00e0 tous les personnels de l&rsquo;\u00e9tablissement (enseignants et non-enseignants). <\/p>\n\n\n\n<p>Le CDI est \u00e0 la fois : <\/p>\n\n\n\n<ul class=\"wp-block-list\">\n<li>un <strong>lieu de lecture<\/strong> calme et de d\u00e9tente qui participe \u00e0 l&rsquo;am\u00e9lioration du climat scolaire <\/li>\n<\/ul>\n\n\n\n<figure class=\"wp-block-gallery has-nested-images columns-default is-cropped wp-block-gallery-1 is-layout-flex wp-block-gallery-is-layout-flex\">\n<figure class=\"wp-block-image size-large\"><img fetchpriority=\"high\" decoding=\"async\" width=\"1024\" height=\"768\" data-id=\"884\" src=\"https:\/\/collegeleonardlenoir.fr\/wp-content\/uploads\/2025\/07\/CDI-1-1024x768.jpg\" alt=\"\" class=\"wp-image-884\" srcset=\"https:\/\/collegeleonardlenoir.fr\/wp-content\/uploads\/2025\/07\/CDI-1-1024x768.jpg 1024w, https:\/\/collegeleonardlenoir.fr\/wp-content\/uploads\/2025\/07\/CDI-1-300x225.jpg 300w, https:\/\/collegeleonardlenoir.fr\/wp-content\/uploads\/2025\/07\/CDI-1-768x576.jpg 768w, https:\/\/collegeleonardlenoir.fr\/wp-content\/uploads\/2025\/07\/CDI-1-1536x1152.jpg 1536w, https:\/\/collegeleonardlenoir.fr\/wp-content\/uploads\/2025\/07\/CDI-1-2048x1536.jpg 2048w\" sizes=\"(max-width: 1024px) 100vw, 1024px\" \/><\/figure>\n<\/figure>\n\n\n\n<ul class=\"wp-block-list\">\n<li>un <strong>lieu d&rsquo;apprentissage<\/strong> o\u00f9 se d\u00e9roulent des s\u00e9ances p\u00e9dagogiques (initiation \u00e0 la recherche documentaire, \u00e9ducation aux m\u00e9dias, d\u00e9veloppement des comp\u00e9tences info-documentaires, des projets p\u00e9dagogiques en collaboration avec les enseignants, etc.) <\/li>\n<\/ul>\n\n\n\n<figure class=\"wp-block-image size-large\"><img decoding=\"async\" width=\"768\" height=\"1024\" src=\"https:\/\/collegeleonardlenoir.fr\/wp-content\/uploads\/2025\/07\/cdi-2-768x1024.jpg\" alt=\"\" class=\"wp-image-885\" srcset=\"https:\/\/collegeleonardlenoir.fr\/wp-content\/uploads\/2025\/07\/cdi-2-768x1024.jpg 768w, https:\/\/collegeleonardlenoir.fr\/wp-content\/uploads\/2025\/07\/cdi-2-225x300.jpg 225w, https:\/\/collegeleonardlenoir.fr\/wp-content\/uploads\/2025\/07\/cdi-2-1152x1536.jpg 1152w, https:\/\/collegeleonardlenoir.fr\/wp-content\/uploads\/2025\/07\/cdi-2-1536x2048.jpg 1536w, https:\/\/collegeleonardlenoir.fr\/wp-content\/uploads\/2025\/07\/cdi-2-scaled.jpg 1920w\" sizes=\"(max-width: 768px) 100vw, 768px\" \/><\/figure>\n\n\n\n<ul class=\"wp-block-list\">\n<li>un lieu de travail o\u00f9 sont \u00e0 disposition des ressources documentaires vari\u00e9es et des outils informatiques d\u00e9di\u00e9s au travail scolaire <\/li>\n<\/ul>\n\n\n\n<figure class=\"wp-block-image size-large\"><img decoding=\"async\" width=\"768\" height=\"1024\" src=\"https:\/\/collegeleonardlenoir.fr\/wp-content\/uploads\/2025\/07\/cdi3-768x1024.jpg\" alt=\"\" class=\"wp-image-886\" srcset=\"https:\/\/collegeleonardlenoir.fr\/wp-content\/uploads\/2025\/07\/cdi3-768x1024.jpg 768w, https:\/\/collegeleonardlenoir.fr\/wp-content\/uploads\/2025\/07\/cdi3-225x300.jpg 225w, https:\/\/collegeleonardlenoir.fr\/wp-content\/uploads\/2025\/07\/cdi3-1152x1536.jpg 1152w, https:\/\/collegeleonardlenoir.fr\/wp-content\/uploads\/2025\/07\/cdi3-1536x2048.jpg 1536w, https:\/\/collegeleonardlenoir.fr\/wp-content\/uploads\/2025\/07\/cdi3-scaled.jpg 1920w\" sizes=\"(max-width: 768px) 100vw, 768px\" \/><\/figure>\n\n\n\n<ul class=\"wp-block-list\">\n<li>un lieu de culture permettant de s&rsquo;enrichir intellectuellement, sur son temps libre<\/li>\n<\/ul>\n\n\n\n<figure class=\"wp-block-gallery has-nested-images columns-default is-cropped wp-block-gallery-2 is-layout-flex wp-block-gallery-is-layout-flex\">\n<figure class=\"wp-block-image size-large\"><img loading=\"lazy\" decoding=\"async\" width=\"768\" height=\"1024\" data-id=\"887\" src=\"https:\/\/collegeleonardlenoir.fr\/wp-content\/uploads\/2025\/07\/cdi4-768x1024.jpg\" alt=\"\" class=\"wp-image-887\" srcset=\"https:\/\/collegeleonardlenoir.fr\/wp-content\/uploads\/2025\/07\/cdi4-768x1024.jpg 768w, https:\/\/collegeleonardlenoir.fr\/wp-content\/uploads\/2025\/07\/cdi4-225x300.jpg 225w, https:\/\/collegeleonardlenoir.fr\/wp-content\/uploads\/2025\/07\/cdi4-1152x1536.jpg 1152w, https:\/\/collegeleonardlenoir.fr\/wp-content\/uploads\/2025\/07\/cdi4-1536x2048.jpg 1536w, https:\/\/collegeleonardlenoir.fr\/wp-content\/uploads\/2025\/07\/cdi4-scaled.jpg 1920w\" sizes=\"(max-width: 768px) 100vw, 768px\" \/><\/figure>\n<\/figure>\n\n\n\n<h2 class=\"wp-block-heading\">Dans quel but venir au CDI ? <\/h2>\n\n\n\n<ul class=\"wp-block-list\">\n<li>lire ou emprunter un livre (romans, BD, mangas, documentaires, magazines, etc.)<\/li>\n\n\n\n<li>faire une recherche documentaire <\/li>\n\n\n\n<li>travailler un expos\u00e9<\/li>\n\n\n\n<li>pour \u00eatre accompagn\u00e9 dans l&rsquo;aide aux devoirs<\/li>\n\n\n\n<li>pour s&rsquo;informer sur l&rsquo;orientation <\/li>\n<\/ul>\n\n\n\n<h2 class=\"wp-block-heading\">Charte <\/h2>\n\n\n\n<figure class=\"wp-block-gallery has-nested-images columns-default is-cropped wp-block-gallery-3 is-layout-flex wp-block-gallery-is-layout-flex\">\n<figure class=\"wp-block-image size-large\"><img loading=\"lazy\" decoding=\"async\" width=\"724\" height=\"1024\" data-id=\"640\" src=\"https:\/\/collegeleonardlenoir.fr\/wp-content\/uploads\/2025\/07\/Charte-CDI-724x1024.jpg\" alt=\"\" class=\"wp-image-640\" srcset=\"https:\/\/collegeleonardlenoir.fr\/wp-content\/uploads\/2025\/07\/Charte-CDI-724x1024.jpg 724w, https:\/\/collegeleonardlenoir.fr\/wp-content\/uploads\/2025\/07\/Charte-CDI-212x300.jpg 212w, https:\/\/collegeleonardlenoir.fr\/wp-content\/uploads\/2025\/07\/Charte-CDI-768x1086.jpg 768w, https:\/\/collegeleonardlenoir.fr\/wp-content\/uploads\/2025\/07\/Charte-CDI-1086x1536.jpg 1086w, https:\/\/collegeleonardlenoir.fr\/wp-content\/uploads\/2025\/07\/Charte-CDI-rotated.jpg 1240w\" sizes=\"(max-width: 724px) 100vw, 724px\" \/><\/figure>\n<\/figure>\n","protected":false},"excerpt":{"rendered":"<p>Professeure documentaliste : Madame Di Franco Pr\u00e9sentation Le CDI (Centre de Documentation et d&rsquo;Information) est un espace ouvert aux \u00e9l\u00e8ves et \u00e0 tous les personnels de l&rsquo;\u00e9tablissement (enseignants et non-enseignants). Le CDI est \u00e0 la fois : Dans quel but venir au CDI ? Charte<\/p>\n","protected":false},"author":1,"featured_media":0,"parent":0,"menu_order":0,"comment_status":"closed","ping_status":"closed","template":"","meta":{"ocean_post_layout":"","ocean_both_sidebars_style":"","ocean_both_sidebars_content_width":0,"ocean_both_sidebars_sidebars_width":0,"ocean_sidebar":"","ocean_second_sidebar":"","ocean_disable_margins":"enable","ocean_add_body_class":"","ocean_shortcode_before_top_bar":"","ocean_shortcode_after_top_bar":"","ocean_shortcode_before_header":"","ocean_shortcode_after_header":"","ocean_has_shortcode":"","ocean_shortcode_after_title":"","ocean_shortcode_before_footer_widgets":"","ocean_shortcode_after_footer_widgets":"","ocean_shortcode_before_footer_bottom":"","ocean_shortcode_after_footer_bottom":"","ocean_display_top_bar":"default","ocean_display_header":"default","ocean_header_style":"","ocean_center_header_left_menu":"","ocean_custom_header_template":"","ocean_custom_logo":0,"ocean_custom_retina_logo":0,"ocean_custom_logo_max_width":0,"ocean_custom_logo_tablet_max_width":0,"ocean_custom_logo_mobile_max_width":0,"ocean_custom_logo_max_height":0,"ocean_custom_logo_tablet_max_height":0,"ocean_custom_logo_mobile_max_height":0,"ocean_header_custom_menu":"","ocean_menu_typo_font_family":"","ocean_menu_typo_font_subset":"","ocean_menu_typo_font_size":0,"ocean_menu_typo_font_size_tablet":0,"ocean_menu_typo_font_size_mobile":0,"ocean_menu_typo_font_size_unit":"px","ocean_menu_typo_font_weight":"","ocean_menu_typo_font_weight_tablet":"","ocean_menu_typo_font_weight_mobile":"","ocean_menu_typo_transform":"","ocean_menu_typo_transform_tablet":"","ocean_menu_typo_transform_mobile":"","ocean_menu_typo_line_height":0,"ocean_menu_typo_line_height_tablet":0,"ocean_menu_typo_line_height_mobile":0,"ocean_menu_typo_line_height_unit":"","ocean_menu_typo_spacing":0,"ocean_menu_typo_spacing_tablet":0,"ocean_menu_typo_spacing_mobile":0,"ocean_menu_typo_spacing_unit":"","ocean_menu_link_color":"","ocean_menu_link_color_hover":"","ocean_menu_link_color_active":"","ocean_menu_link_background":"","ocean_menu_link_hover_background":"","ocean_menu_link_active_background":"","ocean_menu_social_links_bg":"","ocean_menu_social_hover_links_bg":"","ocean_menu_social_links_color":"","ocean_menu_social_hover_links_color":"","ocean_disable_title":"default","ocean_disable_heading":"default","ocean_post_title":"","ocean_post_subheading":"","ocean_post_title_style":"","ocean_post_title_background_color":"","ocean_post_title_background":0,"ocean_post_title_bg_image_position":"","ocean_post_title_bg_image_attachment":"","ocean_post_title_bg_image_repeat":"","ocean_post_title_bg_image_size":"","ocean_post_title_height":0,"ocean_post_title_bg_overlay":0.5,"ocean_post_title_bg_overlay_color":"","ocean_disable_breadcrumbs":"default","ocean_breadcrumbs_color":"","ocean_breadcrumbs_separator_color":"","ocean_breadcrumbs_links_color":"","ocean_breadcrumbs_links_hover_color":"","ocean_display_footer_widgets":"default","ocean_display_footer_bottom":"default","ocean_custom_footer_template":"","footnotes":""},"class_list":["post-295","page","type-page","status-publish","hentry","entry"],"_links":{"self":[{"href":"https:\/\/collegeleonardlenoir.fr\/index.php\/wp-json\/wp\/v2\/pages\/295","targetHints":{"allow":["GET"]}}],"collection":[{"href":"https:\/\/collegeleonardlenoir.fr\/index.php\/wp-json\/wp\/v2\/pages"}],"about":[{"href":"https:\/\/collegeleonardlenoir.fr\/index.php\/wp-json\/wp\/v2\/types\/page"}],"author":[{"embeddable":true,"href":"https:\/\/collegeleonardlenoir.fr\/index.php\/wp-json\/wp\/v2\/users\/1"}],"replies":[{"embeddable":true,"href":"https:\/\/collegeleonardlenoir.fr\/index.php\/wp-json\/wp\/v2\/comments?post=295"}],"version-history":[{"count":5,"href":"https:\/\/collegeleonardlenoir.fr\/index.php\/wp-json\/wp\/v2\/pages\/295\/revisions"}],"predecessor-version":[{"id":889,"href":"https:\/\/collegeleonardlenoir.fr\/index.php\/wp-json\/wp\/v2\/pages\/295\/revisions\/889"}],"wp:attachment":[{"href":"https:\/\/collegeleonardlenoir.fr\/index.php\/wp-json\/wp\/v2\/media?parent=295"}],"curies":[{"name":"wp","href":"https:\/\/api.w.org\/{rel}","templated":true}]}}