{"id":288,"date":"2025-03-25T15:05:34","date_gmt":"2025-03-25T14:05:34","guid":{"rendered":"https:\/\/collegeleonardlenoir.fr\/?page_id=288"},"modified":"2025-10-01T08:55:10","modified_gmt":"2025-10-01T06:55:10","slug":"cesce","status":"publish","type":"page","link":"https:\/\/collegeleonardlenoir.fr\/index.php\/cesce\/","title":{"rendered":"CESCE"},"content":{"rendered":"\n<p>Le Comit\u00e9 d\u2019\u00c9ducation \u00e0 la Sant\u00e9, \u00e0 la Citoyennet\u00e9 et \u00e0 l&rsquo;Environnement (CESCE) est une instance de r\u00e9flexion, d&rsquo;observation et de proposition, pr\u00e9sid\u00e9e par le chef d&rsquo;\u00e9tablissement, qui con\u00e7oit, met en \u0153uvre un projet \u00e9ducatif en mati\u00e8re d&rsquo;\u00e9ducation \u00e0 la citoyennet\u00e9, \u00e0 la sant\u00e9 et de pr\u00e9vention de la violence, int\u00e9gr\u00e9e au projet d&rsquo;\u00e9tablissement, et donc aux diff\u00e9rents parcours \u00e9ducatifs.<\/p>\n\n\n\n<p><\/p>\n\n\n\n<h2 class=\"wp-block-heading\">Les missions <\/h2>\n\n\n\n<p>Ses missions peuvent donc s&rsquo;\u00e9tendre sur un spectre tr\u00e8s large, par exemple : <\/p>\n\n\n\n<ul class=\"wp-block-list\">\n<li>Contribuer \u00e0 l&rsquo;\u00e9ducation \u00e0 la citoyennet\u00e9 (parcours citoyen), <\/li>\n\n\n\n<li>Pr\u00e9parer le plan de pr\u00e9vention de la violence, <\/li>\n\n\n\n<li>Proposer des actions pour aider les parents en difficult\u00e9 et lutter contre l&rsquo;exclusion des plus fragiles, <\/li>\n\n\n\n<li>D\u00e9finir un programme d&rsquo;\u00e9ducation \u00e0 la sant\u00e9 et \u00e0 la sexualit\u00e9 et de pr\u00e9vention des conduites \u00e0 risques (parcours \u00e9ducatif \u00e0 la sant\u00e9), <\/li>\n\n\n\n<li>Mettre en \u0153uvre, au niveau de l&rsquo;EPLE, les politiques nationales, acad\u00e9miques et locales concernant la sant\u00e9 et \u00e0 la citoyennet\u00e9, <\/li>\n\n\n\n<li>Favoriser et accompagner l&rsquo;engagement des d\u00e9l\u00e9gu\u00e9s et \u00e9co-d\u00e9l\u00e9gu\u00e9s dans les instances de l&rsquo;\u00e9tablissement, <\/li>\n\n\n\n<li>etc.<\/li>\n<\/ul>\n\n\n\n<h2 class=\"wp-block-heading\">Les th\u00e9matiques<\/h2>\n\n\n\n<p>Et les th\u00e9matiques abord\u00e9es vari\u00e9es, par exemple : <\/p>\n\n\n\n<ul class=\"wp-block-list\">\n<li>Pr\u00e9vention des conduites addictives,  <\/li>\n\n\n\n<li>\u00c9ducation \u00e0 l&rsquo;alimentation et au go\u00fbt, <\/li>\n\n\n\n<li>S\u00e9curit\u00e9 civile et secourisme,  <\/li>\n\n\n\n<li>\u00c9ducation \u00e0 la s\u00e9curit\u00e9 scolaire, <\/li>\n\n\n\n<li>Am\u00e9nagement des espaces,  <\/li>\n\n\n\n<li>\u00c9galit\u00e9 filles-gar\u00e7ons, <\/li>\n\n\n\n<li>etc. <\/li>\n<\/ul>\n\n\n\n<h2 class=\"wp-block-heading\">Composition<\/h2>\n\n\n\n<p>Il se compose de : <\/p>\n\n\n\n<ul class=\"wp-block-list\">\n<li>Repr\u00e9sentants des personnels enseignants, des parents et des \u00e9l\u00e8ves d\u00e9sign\u00e9s ou \u00e9lus<\/li>\n\n\n\n<li>Des personnels d&rsquo;\u00e9ducation, sociaux et de sant\u00e9 de l&rsquo;\u00e9tablissement <\/li>\n\n\n\n<li>Des repr\u00e9sentants de la commune et de la collectivit\u00e9 de rattachement <\/li>\n\n\n\n<li>Des repr\u00e9sentants des partenaires institutionnels (police, gendarmerie, service d\u00e9partemental d&rsquo;incendie et de secours et associatifs) et un ou plusieurs repr\u00e9sentants de la R\u00e9serve citoyenne de l&rsquo;\u00e9ducation nationale.<\/li>\n\n\n\n<li>etc. <\/li>\n<\/ul>\n\n\n\n<h2 class=\"wp-block-heading\">Comission<\/h2>\n\n\n\n<p>Pour l&rsquo;ann\u00e9e 2024-2025, le CESCE s&rsquo;est organis\u00e9 en 4 groupes de travail, selon 4 th\u00e9matiques : <\/p>\n\n\n\n<ul class=\"wp-block-list\">\n<li>les \u00e9cogestes au quotidien <\/li>\n\n\n\n<li>les actions solidaires <\/li>\n\n\n\n<li>le potager p\u00e9dagogique (printemps)<\/li>\n\n\n\n<li>le tri des d\u00e9chets <\/li>\n<\/ul>\n\n\n\n<div data-wp-interactive=\"core\/file\" class=\"wp-block-file\"><object data-wp-bind--hidden=\"!state.hasPdfPreview\" hidden class=\"wp-block-file__embed\" data=\"https:\/\/collegeleonardlenoir.fr\/wp-content\/uploads\/2025\/10\/guide-eco-delegue-college.pdf\" type=\"application\/pdf\" style=\"width:100%;height:600px\" aria-label=\"Contenu embarqu\u00e9 guide-eco-delegue-college.\"><\/object><a id=\"wp-block-file--media-e31f7994-2f56-4ba1-a911-3f8ccf83b431\" href=\"https:\/\/collegeleonardlenoir.fr\/wp-content\/uploads\/2025\/10\/guide-eco-delegue-college.pdf\">guide-eco-delegue-college<\/a><a href=\"https:\/\/collegeleonardlenoir.fr\/wp-content\/uploads\/2025\/10\/guide-eco-delegue-college.pdf\" class=\"wp-block-file__button wp-element-button\" download aria-describedby=\"wp-block-file--media-e31f7994-2f56-4ba1-a911-3f8ccf83b431\">T\u00e9l\u00e9charger<\/a><\/div>\n","protected":false},"excerpt":{"rendered":"<p>Le Comit\u00e9 d\u2019\u00c9ducation \u00e0 la Sant\u00e9, \u00e0 la Citoyennet\u00e9 et \u00e0 l&rsquo;Environnement (CESCE) est une instance de r\u00e9flexion, d&rsquo;observation et de proposition, pr\u00e9sid\u00e9e par le chef d&rsquo;\u00e9tablissement, qui con\u00e7oit, met en \u0153uvre un projet \u00e9ducatif en mati\u00e8re d&rsquo;\u00e9ducation \u00e0 la citoyennet\u00e9, \u00e0 la sant\u00e9 et de pr\u00e9vention de la violence, int\u00e9gr\u00e9e au projet d&rsquo;\u00e9tablissement, et donc aux diff\u00e9rents parcours \u00e9ducatifs. Les missions Ses missions peuvent donc s&rsquo;\u00e9tendre sur un spectre tr\u00e8s large, par exemple : Les th\u00e9matiques Et les th\u00e9matiques abord\u00e9es vari\u00e9es, par exemple : Composition Il se compose de : Comission Pour l&rsquo;ann\u00e9e 2024-2025, le CESCE s&rsquo;est organis\u00e9 en 4 groupes de travail, selon 4 th\u00e9matiques :<\/p>\n","protected":false},"author":1,"featured_media":0,"parent":0,"menu_order":0,"comment_status":"closed","ping_status":"closed","template":"","meta":{"ocean_post_layout":"","ocean_both_sidebars_style":"","ocean_both_sidebars_content_width":0,"ocean_both_sidebars_sidebars_width":0,"ocean_sidebar":"","ocean_second_sidebar":"","ocean_disable_margins":"enable","ocean_add_body_class":"","ocean_shortcode_before_top_bar":"","ocean_shortcode_after_top_bar":"","ocean_shortcode_before_header":"","ocean_shortcode_after_header":"","ocean_has_shortcode":"","ocean_shortcode_after_title":"","ocean_shortcode_before_footer_widgets":"","ocean_shortcode_after_footer_widgets":"","ocean_shortcode_before_footer_bottom":"","ocean_shortcode_after_footer_bottom":"","ocean_display_top_bar":"default","ocean_display_header":"default","ocean_header_style":"","ocean_center_header_left_menu":"","ocean_custom_header_template":"","ocean_custom_logo":0,"ocean_custom_retina_logo":0,"ocean_custom_logo_max_width":0,"ocean_custom_logo_tablet_max_width":0,"ocean_custom_logo_mobile_max_width":0,"ocean_custom_logo_max_height":0,"ocean_custom_logo_tablet_max_height":0,"ocean_custom_logo_mobile_max_height":0,"ocean_header_custom_menu":"","ocean_menu_typo_font_family":"","ocean_menu_typo_font_subset":"","ocean_menu_typo_font_size":0,"ocean_menu_typo_font_size_tablet":0,"ocean_menu_typo_font_size_mobile":0,"ocean_menu_typo_font_size_unit":"px","ocean_menu_typo_font_weight":"","ocean_menu_typo_font_weight_tablet":"","ocean_menu_typo_font_weight_mobile":"","ocean_menu_typo_transform":"","ocean_menu_typo_transform_tablet":"","ocean_menu_typo_transform_mobile":"","ocean_menu_typo_line_height":0,"ocean_menu_typo_line_height_tablet":0,"ocean_menu_typo_line_height_mobile":0,"ocean_menu_typo_line_height_unit":"","ocean_menu_typo_spacing":0,"ocean_menu_typo_spacing_tablet":0,"ocean_menu_typo_spacing_mobile":0,"ocean_menu_typo_spacing_unit":"","ocean_menu_link_color":"","ocean_menu_link_color_hover":"","ocean_menu_link_color_active":"","ocean_menu_link_background":"","ocean_menu_link_hover_background":"","ocean_menu_link_active_background":"","ocean_menu_social_links_bg":"","ocean_menu_social_hover_links_bg":"","ocean_menu_social_links_color":"","ocean_menu_social_hover_links_color":"","ocean_disable_title":"default","ocean_disable_heading":"default","ocean_post_title":"","ocean_post_subheading":"","ocean_post_title_style":"","ocean_post_title_background_color":"","ocean_post_title_background":0,"ocean_post_title_bg_image_position":"","ocean_post_title_bg_image_attachment":"","ocean_post_title_bg_image_repeat":"","ocean_post_title_bg_image_size":"","ocean_post_title_height":0,"ocean_post_title_bg_overlay":0.5,"ocean_post_title_bg_overlay_color":"","ocean_disable_breadcrumbs":"default","ocean_breadcrumbs_color":"","ocean_breadcrumbs_separator_color":"","ocean_breadcrumbs_links_color":"","ocean_breadcrumbs_links_hover_color":"","ocean_display_footer_widgets":"default","ocean_display_footer_bottom":"default","ocean_custom_footer_template":"","footnotes":""},"class_list":["post-288","page","type-page","status-publish","hentry","entry"],"_links":{"self":[{"href":"https:\/\/collegeleonardlenoir.fr\/index.php\/wp-json\/wp\/v2\/pages\/288","targetHints":{"allow":["GET"]}}],"collection":[{"href":"https:\/\/collegeleonardlenoir.fr\/index.php\/wp-json\/wp\/v2\/pages"}],"about":[{"href":"https:\/\/collegeleonardlenoir.fr\/index.php\/wp-json\/wp\/v2\/types\/page"}],"author":[{"embeddable":true,"href":"https:\/\/collegeleonardlenoir.fr\/index.php\/wp-json\/wp\/v2\/users\/1"}],"replies":[{"embeddable":true,"href":"https:\/\/collegeleonardlenoir.fr\/index.php\/wp-json\/wp\/v2\/comments?post=288"}],"version-history":[{"count":8,"href":"https:\/\/collegeleonardlenoir.fr\/index.php\/wp-json\/wp\/v2\/pages\/288\/revisions"}],"predecessor-version":[{"id":1169,"href":"https:\/\/collegeleonardlenoir.fr\/index.php\/wp-json\/wp\/v2\/pages\/288\/revisions\/1169"}],"wp:attachment":[{"href":"https:\/\/collegeleonardlenoir.fr\/index.php\/wp-json\/wp\/v2\/media?parent=288"}],"curies":[{"name":"wp","href":"https:\/\/api.w.org\/{rel}","templated":true}]}}