{"id":284,"date":"2025-03-25T15:05:34","date_gmt":"2025-03-25T14:05:34","guid":{"rendered":"https:\/\/collegeleonardlenoir.fr\/?page_id=284"},"modified":"2025-04-10T15:05:51","modified_gmt":"2025-04-10T13:05:51","slug":"la-psy-en","status":"publish","type":"page","link":"https:\/\/collegeleonardlenoir.fr\/index.php\/la-psy-en\/","title":{"rendered":"La psy-en"},"content":{"rendered":"<h1 style=\"text-align: center;\"><strong>Parcours d&rsquo;orientation diff\u00e9rents selon les besoins et les \u00e2ges<\/strong><\/h1>\n<p>&nbsp;<\/p>\n<p>Les \u00e9l\u00e8ves qui rencontrent des difficult\u00e9s scolaires et personnelles, qui se posent des questions sur leurs \u00e9tudes, leur avenir scolaire et\/ou professionnel peuvent rencontrer la Psychologue de l&rsquo;\u00c9ducation Nationale (Psy-En Edo).<\/p>\n<p>Au coll\u00e8ge L\u00e9onard Lenoir c&rsquo;est <strong>Madame C\u00e9line GRACIENT<\/strong> qui est pr\u00e9sente les vendredis pour recevoir les parents et \u00e9l\u00e8ves.<\/p>\n<p>Pour toute prise de rendez-vous merci de contacter la vie scolaire au <strong>05 57 80 76 16<\/strong> et de penser \u00e0 pr\u00e9ciser si le jeune sera accompagn\u00e9 ou non.<\/p>\n<p>&nbsp;<\/p>\n\n\n<p>Il est \u00e9galement possible de rencontrer un Psy-En Edo au Centre d&rsquo;Information et d&rsquo;Orientation (CIO). Le CIO est ouvert du lundi au vendredi de 9h00 \u00e0 12h30 et de 13h30 \u00e0 17h00. Le CIO est \u00e9galement ouvert pendant les vacances scolaires.<\/p>\n\n\n\n<p>Pour contacter le CIO : <\/p>\n\n\n\n<div class=\"wp-block-media-text is-stacked-on-mobile\"><figure class=\"wp-block-media-text__media\"><img decoding=\"async\" width=\"220\" height=\"145\" src=\"https:\/\/collegeleonardlenoir.fr\/wp-content\/uploads\/2025\/04\/cio-cenon-15185.jpg\" alt=\"\" class=\"wp-image-571 size-full\"\/><\/figure><div class=\"wp-block-media-text__content\">\n<p>CIO de Cenon <\/p>\n\n\n\n<p>88 cours Victor Hugo <\/p>\n\n\n\n<p>33150 CENON<\/p>\n\n\n\n<p>T\u00e9l : 05 56 86 41 20<\/p>\n<\/div><\/div>\n","protected":false},"excerpt":{"rendered":"<p>Parcours d&rsquo;orientation diff\u00e9rents selon les besoins et les \u00e2ges &nbsp; Les \u00e9l\u00e8ves qui rencontrent des difficult\u00e9s scolaires et personnelles, qui se posent des questions sur leurs \u00e9tudes, leur avenir scolaire et\/ou professionnel peuvent rencontrer la Psychologue de l&rsquo;\u00c9ducation Nationale (Psy-En Edo). Au coll\u00e8ge L\u00e9onard Lenoir c&rsquo;est Madame C\u00e9line GRACIENT qui est pr\u00e9sente les vendredis pour recevoir les parents et \u00e9l\u00e8ves. Pour toute prise de rendez-vous merci de contacter la vie scolaire au 05 57 80 76 16 et de penser \u00e0 pr\u00e9ciser si le jeune sera accompagn\u00e9 ou non. &nbsp; Il est \u00e9galement possible de rencontrer un Psy-En Edo au Centre d&rsquo;Information et d&rsquo;Orientation (CIO). Le CIO est ouvert du lundi au vendredi de 9h00 \u00e0 12h30 et de 13h30 \u00e0 17h00. Le CIO est \u00e9galement ouvert pendant les vacances scolaires. Pour contacter le CIO : CIO de Cenon 88 cours Victor Hugo 33150 CENON T\u00e9l : 05 56 86 41 20<\/p>\n","protected":false},"author":1,"featured_media":0,"parent":0,"menu_order":0,"comment_status":"closed","ping_status":"closed","template":"","meta":{"ocean_post_layout":"","ocean_both_sidebars_style":"","ocean_both_sidebars_content_width":0,"ocean_both_sidebars_sidebars_width":0,"ocean_sidebar":"","ocean_second_sidebar":"","ocean_disable_margins":"enable","ocean_add_body_class":"","ocean_shortcode_before_top_bar":"","ocean_shortcode_after_top_bar":"","ocean_shortcode_before_header":"","ocean_shortcode_after_header":"","ocean_has_shortcode":"","ocean_shortcode_after_title":"","ocean_shortcode_before_footer_widgets":"","ocean_shortcode_after_footer_widgets":"","ocean_shortcode_before_footer_bottom":"","ocean_shortcode_after_footer_bottom":"","ocean_display_top_bar":"default","ocean_display_header":"default","ocean_header_style":"","ocean_center_header_left_menu":"","ocean_custom_header_template":"","ocean_custom_logo":0,"ocean_custom_retina_logo":0,"ocean_custom_logo_max_width":0,"ocean_custom_logo_tablet_max_width":0,"ocean_custom_logo_mobile_max_width":0,"ocean_custom_logo_max_height":0,"ocean_custom_logo_tablet_max_height":0,"ocean_custom_logo_mobile_max_height":0,"ocean_header_custom_menu":"","ocean_menu_typo_font_family":"","ocean_menu_typo_font_subset":"","ocean_menu_typo_font_size":0,"ocean_menu_typo_font_size_tablet":0,"ocean_menu_typo_font_size_mobile":0,"ocean_menu_typo_font_size_unit":"px","ocean_menu_typo_font_weight":"","ocean_menu_typo_font_weight_tablet":"","ocean_menu_typo_font_weight_mobile":"","ocean_menu_typo_transform":"","ocean_menu_typo_transform_tablet":"","ocean_menu_typo_transform_mobile":"","ocean_menu_typo_line_height":0,"ocean_menu_typo_line_height_tablet":0,"ocean_menu_typo_line_height_mobile":0,"ocean_menu_typo_line_height_unit":"","ocean_menu_typo_spacing":0,"ocean_menu_typo_spacing_tablet":0,"ocean_menu_typo_spacing_mobile":0,"ocean_menu_typo_spacing_unit":"","ocean_menu_link_color":"","ocean_menu_link_color_hover":"","ocean_menu_link_color_active":"","ocean_menu_link_background":"","ocean_menu_link_hover_background":"","ocean_menu_link_active_background":"","ocean_menu_social_links_bg":"","ocean_menu_social_hover_links_bg":"","ocean_menu_social_links_color":"","ocean_menu_social_hover_links_color":"","ocean_disable_title":"default","ocean_disable_heading":"default","ocean_post_title":"","ocean_post_subheading":"","ocean_post_title_style":"","ocean_post_title_background_color":"","ocean_post_title_background":0,"ocean_post_title_bg_image_position":"","ocean_post_title_bg_image_attachment":"","ocean_post_title_bg_image_repeat":"","ocean_post_title_bg_image_size":"","ocean_post_title_height":0,"ocean_post_title_bg_overlay":0.5,"ocean_post_title_bg_overlay_color":"","ocean_disable_breadcrumbs":"default","ocean_breadcrumbs_color":"","ocean_breadcrumbs_separator_color":"","ocean_breadcrumbs_links_color":"","ocean_breadcrumbs_links_hover_color":"","ocean_display_footer_widgets":"default","ocean_display_footer_bottom":"default","ocean_custom_footer_template":"","footnotes":""},"class_list":["post-284","page","type-page","status-publish","hentry","entry"],"_links":{"self":[{"href":"https:\/\/collegeleonardlenoir.fr\/index.php\/wp-json\/wp\/v2\/pages\/284","targetHints":{"allow":["GET"]}}],"collection":[{"href":"https:\/\/collegeleonardlenoir.fr\/index.php\/wp-json\/wp\/v2\/pages"}],"about":[{"href":"https:\/\/collegeleonardlenoir.fr\/index.php\/wp-json\/wp\/v2\/types\/page"}],"author":[{"embeddable":true,"href":"https:\/\/collegeleonardlenoir.fr\/index.php\/wp-json\/wp\/v2\/users\/1"}],"replies":[{"embeddable":true,"href":"https:\/\/collegeleonardlenoir.fr\/index.php\/wp-json\/wp\/v2\/comments?post=284"}],"version-history":[{"count":3,"href":"https:\/\/collegeleonardlenoir.fr\/index.php\/wp-json\/wp\/v2\/pages\/284\/revisions"}],"predecessor-version":[{"id":573,"href":"https:\/\/collegeleonardlenoir.fr\/index.php\/wp-json\/wp\/v2\/pages\/284\/revisions\/573"}],"wp:attachment":[{"href":"https:\/\/collegeleonardlenoir.fr\/index.php\/wp-json\/wp\/v2\/media?parent=284"}],"curies":[{"name":"wp","href":"https:\/\/api.w.org\/{rel}","templated":true}]}}