{"id":266,"date":"2025-03-25T14:42:15","date_gmt":"2025-03-25T13:42:15","guid":{"rendered":"https:\/\/collegeleonardlenoir.fr\/?page_id=266"},"modified":"2025-03-27T13:07:44","modified_gmt":"2025-03-27T12:07:44","slug":"structure-du-college","status":"publish","type":"page","link":"https:\/\/collegeleonardlenoir.fr\/index.php\/structure-du-college\/","title":{"rendered":"Structure du coll\u00e8ge"},"content":{"rendered":"\n<p>R\u00e9nov\u00e9 en 1998, le coll\u00e8ge L\u00e9onard Lenoir b\u00e9n\u00e9ficie d&rsquo;un cadre architectural magnifique, h\u00e9ritage de la plus ancienne \u00e9cole primaire sup\u00e9rieure de la rive droite.<\/p>\n\n\n\n<p><\/p>\n\n\n\n<p>Nos 330 \u00e9l\u00e8ves b\u00e9n\u00e9ficient de :<\/p>\n\n\n\n<ul class=\"wp-block-list\">\n<li><strong>12 salles de cours g\u00e9n\u00e9raux<\/strong> \u00e9quip\u00e9es de vid\u00e9oprojecteur interactif<a href=\"http:\/\/fr.wikipedia.org\/wiki\/Tableau_blanc_interactif\" target=\"_blank\" rel=\"noreferrer noopener\"><\/a><\/li>\n\n\n\n<li><strong>6 salles de cours sp\u00e9cialis\u00e9es<\/strong> :<\/li>\n<\/ul>\n\n\n\n<p>&#8211; 2 salles de Science physique et chimie et SVT, \u00e9quip\u00e9es de tableaux num\u00e9riques et d&rsquo;un visualiseur de documents<\/p>\n\n\n\n<p>&#8211; Salle de Technologie avec 20 ordinateurs, d&rsquo;un vid\u00e9oprojecteur interactif et d&rsquo;un visualiseur de documents<\/p>\n\n\n\n<p>&#8211; Salle de musique<\/p>\n\n\n\n<p>&#8211; Salle d&rsquo;arts plastiques<\/p>\n\n\n\n<p>&#8211; Salle informatique \u00e9quip\u00e9e de 24 ordinateurs<\/p>\n\n\n\n<ul class=\"wp-block-list\">\n<li><strong>Une salle polyvalente<\/strong> avec la demi-pension du personnel.<\/li>\n\n\n\n<li><strong>Un centre de documentation et d&rsquo;information<\/strong> (C.D.I) avec un fond documentaire multim\u00e9dia (livres, magazines, CD-Rom) \u00e9quip\u00e9 de 7 ordinateurs pour la recherche sur Internet.<\/li>\n\n\n\n<li><strong>Des clubs \u00e0 la pause m\u00e9ridienne encadr\u00e9 par le foyer des \u00e9l\u00e8ves<\/strong><\/li>\n<\/ul>\n\n\n\n<p>Sans oublier les mercredis de l&rsquo;Association sportive, les r\u00e9p\u00e9tition de la Chorale et les animations culturelles de notre partenaire&nbsp;le Centre socioculturel Queyries&#8230;<\/p>\n\n\n<div class=\"wp-block-image is-style-default\">\n<figure class=\"aligncenter size-full is-resized\"><img fetchpriority=\"high\" decoding=\"async\" width=\"800\" height=\"600\" src=\"https:\/\/collegeleonardlenoir.fr\/wp-content\/uploads\/2025\/03\/cour_clg_1.jpg\" alt=\"Photo de la cour du coll\u00e8ge L\u00e9onard Lenoir\" class=\"wp-image-12\" style=\"aspect-ratio:3\/2;object-fit:cover;width:1070px;height:auto\" srcset=\"https:\/\/collegeleonardlenoir.fr\/wp-content\/uploads\/2025\/03\/cour_clg_1.jpg 800w, https:\/\/collegeleonardlenoir.fr\/wp-content\/uploads\/2025\/03\/cour_clg_1-300x225.jpg 300w, https:\/\/collegeleonardlenoir.fr\/wp-content\/uploads\/2025\/03\/cour_clg_1-768x576.jpg 768w\" sizes=\"(max-width: 800px) 100vw, 800px\" \/><\/figure>\n<\/div>","protected":false},"excerpt":{"rendered":"<p>R\u00e9nov\u00e9 en 1998, le coll\u00e8ge L\u00e9onard Lenoir b\u00e9n\u00e9ficie d&rsquo;un cadre architectural magnifique, h\u00e9ritage de la plus ancienne \u00e9cole primaire sup\u00e9rieure de la rive droite. Nos 330 \u00e9l\u00e8ves b\u00e9n\u00e9ficient de : &#8211; 2 salles de Science physique et chimie et SVT, \u00e9quip\u00e9es de tableaux num\u00e9riques et d&rsquo;un visualiseur de documents &#8211; Salle de Technologie avec 20 ordinateurs, d&rsquo;un vid\u00e9oprojecteur interactif et d&rsquo;un visualiseur de documents &#8211; Salle de musique &#8211; Salle d&rsquo;arts plastiques &#8211; Salle informatique \u00e9quip\u00e9e de 24 ordinateurs Sans oublier les mercredis de l&rsquo;Association sportive, les r\u00e9p\u00e9tition de la Chorale et les animations culturelles de notre partenaire&nbsp;le Centre socioculturel Queyries&#8230;<\/p>\n","protected":false},"author":1,"featured_media":0,"parent":0,"menu_order":0,"comment_status":"closed","ping_status":"closed","template":"","meta":{"ocean_post_layout":"","ocean_both_sidebars_style":"","ocean_both_sidebars_content_width":0,"ocean_both_sidebars_sidebars_width":0,"ocean_sidebar":"","ocean_second_sidebar":"","ocean_disable_margins":"enable","ocean_add_body_class":"","ocean_shortcode_before_top_bar":"","ocean_shortcode_after_top_bar":"","ocean_shortcode_before_header":"","ocean_shortcode_after_header":"","ocean_has_shortcode":"","ocean_shortcode_after_title":"","ocean_shortcode_before_footer_widgets":"","ocean_shortcode_after_footer_widgets":"","ocean_shortcode_before_footer_bottom":"","ocean_shortcode_after_footer_bottom":"","ocean_display_top_bar":"default","ocean_display_header":"default","ocean_header_style":"","ocean_center_header_left_menu":"","ocean_custom_header_template":"","ocean_custom_logo":0,"ocean_custom_retina_logo":0,"ocean_custom_logo_max_width":0,"ocean_custom_logo_tablet_max_width":0,"ocean_custom_logo_mobile_max_width":0,"ocean_custom_logo_max_height":0,"ocean_custom_logo_tablet_max_height":0,"ocean_custom_logo_mobile_max_height":0,"ocean_header_custom_menu":"","ocean_menu_typo_font_family":"","ocean_menu_typo_font_subset":"","ocean_menu_typo_font_size":0,"ocean_menu_typo_font_size_tablet":0,"ocean_menu_typo_font_size_mobile":0,"ocean_menu_typo_font_size_unit":"px","ocean_menu_typo_font_weight":"","ocean_menu_typo_font_weight_tablet":"","ocean_menu_typo_font_weight_mobile":"","ocean_menu_typo_transform":"","ocean_menu_typo_transform_tablet":"","ocean_menu_typo_transform_mobile":"","ocean_menu_typo_line_height":0,"ocean_menu_typo_line_height_tablet":0,"ocean_menu_typo_line_height_mobile":0,"ocean_menu_typo_line_height_unit":"","ocean_menu_typo_spacing":0,"ocean_menu_typo_spacing_tablet":0,"ocean_menu_typo_spacing_mobile":0,"ocean_menu_typo_spacing_unit":"","ocean_menu_link_color":"","ocean_menu_link_color_hover":"","ocean_menu_link_color_active":"","ocean_menu_link_background":"","ocean_menu_link_hover_background":"","ocean_menu_link_active_background":"","ocean_menu_social_links_bg":"","ocean_menu_social_hover_links_bg":"","ocean_menu_social_links_color":"","ocean_menu_social_hover_links_color":"","ocean_disable_title":"default","ocean_disable_heading":"default","ocean_post_title":"","ocean_post_subheading":"","ocean_post_title_style":"","ocean_post_title_background_color":"","ocean_post_title_background":0,"ocean_post_title_bg_image_position":"","ocean_post_title_bg_image_attachment":"","ocean_post_title_bg_image_repeat":"","ocean_post_title_bg_image_size":"","ocean_post_title_height":0,"ocean_post_title_bg_overlay":0.5,"ocean_post_title_bg_overlay_color":"","ocean_disable_breadcrumbs":"default","ocean_breadcrumbs_color":"","ocean_breadcrumbs_separator_color":"","ocean_breadcrumbs_links_color":"","ocean_breadcrumbs_links_hover_color":"","ocean_display_footer_widgets":"default","ocean_display_footer_bottom":"default","ocean_custom_footer_template":"","footnotes":""},"class_list":["post-266","page","type-page","status-publish","hentry","entry"],"_links":{"self":[{"href":"https:\/\/collegeleonardlenoir.fr\/index.php\/wp-json\/wp\/v2\/pages\/266","targetHints":{"allow":["GET"]}}],"collection":[{"href":"https:\/\/collegeleonardlenoir.fr\/index.php\/wp-json\/wp\/v2\/pages"}],"about":[{"href":"https:\/\/collegeleonardlenoir.fr\/index.php\/wp-json\/wp\/v2\/types\/page"}],"author":[{"embeddable":true,"href":"https:\/\/collegeleonardlenoir.fr\/index.php\/wp-json\/wp\/v2\/users\/1"}],"replies":[{"embeddable":true,"href":"https:\/\/collegeleonardlenoir.fr\/index.php\/wp-json\/wp\/v2\/comments?post=266"}],"version-history":[{"count":3,"href":"https:\/\/collegeleonardlenoir.fr\/index.php\/wp-json\/wp\/v2\/pages\/266\/revisions"}],"predecessor-version":[{"id":510,"href":"https:\/\/collegeleonardlenoir.fr\/index.php\/wp-json\/wp\/v2\/pages\/266\/revisions\/510"}],"wp:attachment":[{"href":"https:\/\/collegeleonardlenoir.fr\/index.php\/wp-json\/wp\/v2\/media?parent=266"}],"curies":[{"name":"wp","href":"https:\/\/api.w.org\/{rel}","templated":true}]}}