{"id":232,"date":"2025-03-25T14:37:32","date_gmt":"2025-03-25T13:37:32","guid":{"rendered":"https:\/\/collegeleonardlenoir.fr\/?page_id=232"},"modified":"2025-10-06T14:59:30","modified_gmt":"2025-10-06T12:59:30","slug":"gestion","status":"publish","type":"page","link":"https:\/\/collegeleonardlenoir.fr\/index.php\/gestion\/","title":{"rendered":"Gestion"},"content":{"rendered":"\n<p>Le service intendance g\u00e8re l\u2019aspect financier et mat\u00e9riel de l\u2019\u00e9tablissement. Cela comprend \u00e9galement ce qui est relatif \u00e0 la scolarit\u00e9 de votre enfant comme la demi-pension, les bourses, les voyages etc.<\/p>\n\n\n\n<p>Pour rappel, seul les agents nomm\u00e9s r\u00e9gisseurs sont habilit\u00e9s \u00e0 r\u00e9ceptionner vos paiements. Pour le coll\u00e8ge L\u00e9onard LENOIR sont r\u00e9gisseurs&nbsp;:<\/p>\n\n\n\n<ul class=\"wp-block-list\">\n<li><strong>M TOCANNE \u2013 Secr\u00e9taire G\u00e9n\u00e9ral<\/strong><\/li>\n\n\n\n<li><strong>Mme ATCHALISO \u2013 Secr\u00e9taire de gestion<\/strong><\/li>\n<\/ul>\n\n\n\n<p><strong>PR\u00c9AMBULE SUR LES MODALIT\u00c9S DE PAIEMENT<\/strong><\/p>\n\n\n\n<ul class=\"wp-block-list\">\n<li>Tout paiement remis \u00e0 un agent qui n\u2019est pas r\u00e9gisseur ne sera pas valide. Les assistants d\u2019\u00e9ducation ou les professeurs ne sont pas habilit\u00e9s \u00e0 manier des fonds publics. Le maniement de fonds publics par un agent non habilit\u00e9 est constitutif du d\u00e9lit de gestion de fait (article 60-XI de la loi de finances n\u00b063-156 du 23 F\u00e9vrier 1963).<\/li>\n\n\n\n<li>L\u2019encaissement des ch\u00e8ques est \u00e0 date fixe. Vous pouvez inscrire au dos du ch\u00e8que la date d\u2019encaissement en fonction des dates indiqu\u00e9es sur le planning des r\u00e9gies. Le pr\u00e9l\u00e8vement sur votre compte sera effectif environ 8 jours apr\u00e8s cette date.<\/li>\n<\/ul>\n\n\n\n<p><strong><u>Voyages<\/u><\/strong><\/p>\n\n\n\n<p>Le paiement des voyages et autres sorties scolaires d\u00e9pend du calendrier de chaque \u00e9v\u00e9nement. Si vous n\u2019acceptez pas le pr\u00e9l\u00e8vement automatique, les paiements doivent \u00eatre faits au secr\u00e9tariat d\u2019intendance&nbsp;: le Secr\u00e9taire g\u00e9n\u00e9ral et son gestionnaire \u00e9tant les seules personnes habilit\u00e9es \u00e0 recevoir de l\u2019argent au sein de l\u2019\u00e9tablissement scolaire.<\/p>\n\n\n\n<p><strong><u>D\u00e9t\u00e9riorations<\/u><\/strong><\/p>\n\n\n\n<p>Toute d\u00e9t\u00e9rioration caus\u00e9e par votre enfant (perte ou d\u00e9t\u00e9rioration de manuels scolaires, cartes de cantine, carnets de correspondance, etc.) sera factur\u00e9e au prix indiqu\u00e9e dans le r\u00e8glement int\u00e9rieur de l\u2019\u00e9tablissement, ou sur devis, dans le cas contraire.<\/p>\n","protected":false},"excerpt":{"rendered":"<p>Le service intendance g\u00e8re l\u2019aspect financier et mat\u00e9riel de l\u2019\u00e9tablissement. Cela comprend \u00e9galement ce qui est relatif \u00e0 la scolarit\u00e9 de votre enfant comme la demi-pension, les bourses, les voyages etc. Pour rappel, seul les agents nomm\u00e9s r\u00e9gisseurs sont habilit\u00e9s \u00e0 r\u00e9ceptionner vos paiements. Pour le coll\u00e8ge L\u00e9onard LENOIR sont r\u00e9gisseurs&nbsp;: PR\u00c9AMBULE SUR LES MODALIT\u00c9S DE PAIEMENT Voyages Le paiement des voyages et autres sorties scolaires d\u00e9pend du calendrier de chaque \u00e9v\u00e9nement. Si vous n\u2019acceptez pas le pr\u00e9l\u00e8vement automatique, les paiements doivent \u00eatre faits au secr\u00e9tariat d\u2019intendance&nbsp;: le Secr\u00e9taire g\u00e9n\u00e9ral et son gestionnaire \u00e9tant les seules personnes habilit\u00e9es \u00e0 recevoir de l\u2019argent au sein de l\u2019\u00e9tablissement scolaire. D\u00e9t\u00e9riorations Toute d\u00e9t\u00e9rioration caus\u00e9e par votre enfant (perte ou d\u00e9t\u00e9rioration de manuels scolaires, cartes de cantine, carnets de correspondance, etc.) sera factur\u00e9e au prix indiqu\u00e9e dans le r\u00e8glement int\u00e9rieur de l\u2019\u00e9tablissement, ou sur devis, dans le cas contraire.<\/p>\n","protected":false},"author":1,"featured_media":0,"parent":0,"menu_order":0,"comment_status":"closed","ping_status":"closed","template":"","meta":{"ocean_post_layout":"","ocean_both_sidebars_style":"","ocean_both_sidebars_content_width":0,"ocean_both_sidebars_sidebars_width":0,"ocean_sidebar":"","ocean_second_sidebar":"","ocean_disable_margins":"enable","ocean_add_body_class":"","ocean_shortcode_before_top_bar":"","ocean_shortcode_after_top_bar":"","ocean_shortcode_before_header":"","ocean_shortcode_after_header":"","ocean_has_shortcode":"","ocean_shortcode_after_title":"","ocean_shortcode_before_footer_widgets":"","ocean_shortcode_after_footer_widgets":"","ocean_shortcode_before_footer_bottom":"","ocean_shortcode_after_footer_bottom":"","ocean_display_top_bar":"default","ocean_display_header":"default","ocean_header_style":"","ocean_center_header_left_menu":"","ocean_custom_header_template":"","ocean_custom_logo":0,"ocean_custom_retina_logo":0,"ocean_custom_logo_max_width":0,"ocean_custom_logo_tablet_max_width":0,"ocean_custom_logo_mobile_max_width":0,"ocean_custom_logo_max_height":0,"ocean_custom_logo_tablet_max_height":0,"ocean_custom_logo_mobile_max_height":0,"ocean_header_custom_menu":"","ocean_menu_typo_font_family":"","ocean_menu_typo_font_subset":"","ocean_menu_typo_font_size":0,"ocean_menu_typo_font_size_tablet":0,"ocean_menu_typo_font_size_mobile":0,"ocean_menu_typo_font_size_unit":"px","ocean_menu_typo_font_weight":"","ocean_menu_typo_font_weight_tablet":"","ocean_menu_typo_font_weight_mobile":"","ocean_menu_typo_transform":"","ocean_menu_typo_transform_tablet":"","ocean_menu_typo_transform_mobile":"","ocean_menu_typo_line_height":0,"ocean_menu_typo_line_height_tablet":0,"ocean_menu_typo_line_height_mobile":0,"ocean_menu_typo_line_height_unit":"","ocean_menu_typo_spacing":0,"ocean_menu_typo_spacing_tablet":0,"ocean_menu_typo_spacing_mobile":0,"ocean_menu_typo_spacing_unit":"","ocean_menu_link_color":"","ocean_menu_link_color_hover":"","ocean_menu_link_color_active":"","ocean_menu_link_background":"","ocean_menu_link_hover_background":"","ocean_menu_link_active_background":"","ocean_menu_social_links_bg":"","ocean_menu_social_hover_links_bg":"","ocean_menu_social_links_color":"","ocean_menu_social_hover_links_color":"","ocean_disable_title":"default","ocean_disable_heading":"default","ocean_post_title":"","ocean_post_subheading":"","ocean_post_title_style":"","ocean_post_title_background_color":"","ocean_post_title_background":0,"ocean_post_title_bg_image_position":"","ocean_post_title_bg_image_attachment":"","ocean_post_title_bg_image_repeat":"","ocean_post_title_bg_image_size":"","ocean_post_title_height":0,"ocean_post_title_bg_overlay":0.5,"ocean_post_title_bg_overlay_color":"","ocean_disable_breadcrumbs":"default","ocean_breadcrumbs_color":"","ocean_breadcrumbs_separator_color":"","ocean_breadcrumbs_links_color":"","ocean_breadcrumbs_links_hover_color":"","ocean_display_footer_widgets":"default","ocean_display_footer_bottom":"default","ocean_custom_footer_template":"","footnotes":""},"class_list":["post-232","page","type-page","status-publish","hentry","entry"],"_links":{"self":[{"href":"https:\/\/collegeleonardlenoir.fr\/index.php\/wp-json\/wp\/v2\/pages\/232","targetHints":{"allow":["GET"]}}],"collection":[{"href":"https:\/\/collegeleonardlenoir.fr\/index.php\/wp-json\/wp\/v2\/pages"}],"about":[{"href":"https:\/\/collegeleonardlenoir.fr\/index.php\/wp-json\/wp\/v2\/types\/page"}],"author":[{"embeddable":true,"href":"https:\/\/collegeleonardlenoir.fr\/index.php\/wp-json\/wp\/v2\/users\/1"}],"replies":[{"embeddable":true,"href":"https:\/\/collegeleonardlenoir.fr\/index.php\/wp-json\/wp\/v2\/comments?post=232"}],"version-history":[{"count":3,"href":"https:\/\/collegeleonardlenoir.fr\/index.php\/wp-json\/wp\/v2\/pages\/232\/revisions"}],"predecessor-version":[{"id":1200,"href":"https:\/\/collegeleonardlenoir.fr\/index.php\/wp-json\/wp\/v2\/pages\/232\/revisions\/1200"}],"wp:attachment":[{"href":"https:\/\/collegeleonardlenoir.fr\/index.php\/wp-json\/wp\/v2\/media?parent=232"}],"curies":[{"name":"wp","href":"https:\/\/api.w.org\/{rel}","templated":true}]}}