{"id":228,"date":"2025-03-25T14:37:32","date_gmt":"2025-03-25T13:37:32","guid":{"rendered":"https:\/\/collegeleonardlenoir.fr\/?page_id=228"},"modified":"2025-07-11T13:32:07","modified_gmt":"2025-07-11T11:32:07","slug":"mot-du-principal","status":"publish","type":"page","link":"https:\/\/collegeleonardlenoir.fr\/index.php\/mot-du-principal\/","title":{"rendered":"Mot du principal"},"content":{"rendered":"\t\t<div data-elementor-type=\"wp-page\" data-elementor-id=\"228\" class=\"elementor elementor-228\">\n\t\t\t\t<div class=\"elementor-element elementor-element-419879d4 e-flex e-con-boxed wpr-particle-no wpr-jarallax-no wpr-parallax-no wpr-sticky-section-no e-con e-parent\" data-id=\"419879d4\" data-element_type=\"container\">\n\t\t\t\t\t<div class=\"e-con-inner\">\n\t\t\t\t<div class=\"elementor-element elementor-element-344d2f97 elementor-widget elementor-widget-text-editor\" data-id=\"344d2f97\" data-element_type=\"widget\" data-widget_type=\"text-editor.default\">\n\t\t\t\t<div class=\"elementor-widget-container\">\n\t\t\t\t\t\t\t\t\t\n<h1 class=\"wp-block-heading\">Bienvenue au coll\u00e8ge L\u00e9onard Lenoir<\/h1>\n\n<p class=\"has-medium-font-size\">Le coll\u00e8ge vous accueille dans un cadre architectural magnifique, h\u00e9ritage de la plus ancienne \u00e9cole primaire de la rive droite.<\/p>\n\n<p>Les 350 \u00e9l\u00e8ves b\u00e9n\u00e9ficient d\u2019un encadrement complet et de qualit\u00e9 tout au long de leur scolarit\u00e9 avec des personnels attentifs \u00e0 leur bien-\u00eatre et \u00e9panouissement.<\/p>\n\n<p>Notre objectif est d\u2019accompagner chaque \u00e9l\u00e8ve dans son parcours scolaire, en valorisant ses talents et en cultivant sa curiosit\u00e9.<\/p>\n\n<p>La richesse de notre coll\u00e8ge r\u00e9side entre autres dans sa diversit\u00e9 culturelle et son ouverture sur le monde.<\/p>\n\n<p>Les quatre ann\u00e9es au coll\u00e8ge L\u00e9onard Lenoir permettront aux \u00e9l\u00e8ves de construire petit \u00e0 petit leur projet d\u2019orientation apr\u00e8s la classe de troisi\u00e8me et \u00e0 travers leur investissement dans la vie du coll\u00e8ge deviendront des citoyens \u00e9clair\u00e9s.<\/p>\n\n<p>Au coll\u00e8ge L\u00e9onard Lenoir, chaque jour est une nouvelle occasion d\u2019apprendre, de grandir et de s\u2019engager.<\/p>\n\n<p>B. Dupouy- Principal<\/p>\n\t\t\t\t\t\t\t\t<\/div>\n\t\t\t\t<\/div>\n\t\t\t\t\t<\/div>\n\t\t\t\t<\/div>\n\t\t\t\t<\/div>\n\t\t","protected":false},"excerpt":{"rendered":"<p>Bienvenue au coll\u00e8ge L\u00e9onard Lenoir Le coll\u00e8ge vous accueille dans un cadre architectural magnifique, h\u00e9ritage de la plus ancienne \u00e9cole primaire de la rive droite. Les 350 \u00e9l\u00e8ves b\u00e9n\u00e9ficient d\u2019un encadrement complet et de qualit\u00e9 tout au long de leur scolarit\u00e9 avec des personnels attentifs \u00e0 leur bien-\u00eatre et \u00e9panouissement. Notre objectif est d\u2019accompagner chaque \u00e9l\u00e8ve dans son parcours scolaire, en valorisant ses talents et en cultivant sa curiosit\u00e9. La richesse de notre coll\u00e8ge r\u00e9side entre autres dans sa diversit\u00e9 culturelle et son ouverture sur le monde. Les quatre ann\u00e9es au coll\u00e8ge L\u00e9onard Lenoir permettront aux \u00e9l\u00e8ves de construire petit \u00e0 petit leur projet d\u2019orientation apr\u00e8s la classe de troisi\u00e8me et \u00e0 travers leur investissement dans la vie du coll\u00e8ge deviendront des citoyens \u00e9clair\u00e9s. Au coll\u00e8ge L\u00e9onard Lenoir, chaque jour est une nouvelle occasion d\u2019apprendre, de grandir et de s\u2019engager. B. Dupouy- Principal<\/p>\n","protected":false},"author":1,"featured_media":0,"parent":0,"menu_order":0,"comment_status":"closed","ping_status":"closed","template":"","meta":{"ocean_post_layout":"","ocean_both_sidebars_style":"","ocean_both_sidebars_content_width":0,"ocean_both_sidebars_sidebars_width":0,"ocean_sidebar":"","ocean_second_sidebar":"","ocean_disable_margins":"enable","ocean_add_body_class":"","ocean_shortcode_before_top_bar":"","ocean_shortcode_after_top_bar":"","ocean_shortcode_before_header":"","ocean_shortcode_after_header":"","ocean_has_shortcode":"","ocean_shortcode_after_title":"","ocean_shortcode_before_footer_widgets":"","ocean_shortcode_after_footer_widgets":"","ocean_shortcode_before_footer_bottom":"","ocean_shortcode_after_footer_bottom":"","ocean_display_top_bar":"default","ocean_display_header":"default","ocean_header_style":"","ocean_center_header_left_menu":"","ocean_custom_header_template":"","ocean_custom_logo":0,"ocean_custom_retina_logo":0,"ocean_custom_logo_max_width":0,"ocean_custom_logo_tablet_max_width":0,"ocean_custom_logo_mobile_max_width":0,"ocean_custom_logo_max_height":0,"ocean_custom_logo_tablet_max_height":0,"ocean_custom_logo_mobile_max_height":0,"ocean_header_custom_menu":"","ocean_menu_typo_font_family":"","ocean_menu_typo_font_subset":"","ocean_menu_typo_font_size":0,"ocean_menu_typo_font_size_tablet":0,"ocean_menu_typo_font_size_mobile":0,"ocean_menu_typo_font_size_unit":"px","ocean_menu_typo_font_weight":"","ocean_menu_typo_font_weight_tablet":"","ocean_menu_typo_font_weight_mobile":"","ocean_menu_typo_transform":"","ocean_menu_typo_transform_tablet":"","ocean_menu_typo_transform_mobile":"","ocean_menu_typo_line_height":0,"ocean_menu_typo_line_height_tablet":0,"ocean_menu_typo_line_height_mobile":0,"ocean_menu_typo_line_height_unit":"","ocean_menu_typo_spacing":0,"ocean_menu_typo_spacing_tablet":0,"ocean_menu_typo_spacing_mobile":0,"ocean_menu_typo_spacing_unit":"","ocean_menu_link_color":"","ocean_menu_link_color_hover":"","ocean_menu_link_color_active":"","ocean_menu_link_background":"","ocean_menu_link_hover_background":"","ocean_menu_link_active_background":"","ocean_menu_social_links_bg":"","ocean_menu_social_hover_links_bg":"","ocean_menu_social_links_color":"","ocean_menu_social_hover_links_color":"","ocean_disable_title":"default","ocean_disable_heading":"default","ocean_post_title":"","ocean_post_subheading":"","ocean_post_title_style":"","ocean_post_title_background_color":"","ocean_post_title_background":0,"ocean_post_title_bg_image_position":"","ocean_post_title_bg_image_attachment":"","ocean_post_title_bg_image_repeat":"","ocean_post_title_bg_image_size":"","ocean_post_title_height":0,"ocean_post_title_bg_overlay":0.5,"ocean_post_title_bg_overlay_color":"","ocean_disable_breadcrumbs":"default","ocean_breadcrumbs_color":"","ocean_breadcrumbs_separator_color":"","ocean_breadcrumbs_links_color":"","ocean_breadcrumbs_links_hover_color":"","ocean_display_footer_widgets":"default","ocean_display_footer_bottom":"default","ocean_custom_footer_template":"","footnotes":""},"class_list":["post-228","page","type-page","status-publish","hentry","entry"],"_links":{"self":[{"href":"https:\/\/collegeleonardlenoir.fr\/index.php\/wp-json\/wp\/v2\/pages\/228","targetHints":{"allow":["GET"]}}],"collection":[{"href":"https:\/\/collegeleonardlenoir.fr\/index.php\/wp-json\/wp\/v2\/pages"}],"about":[{"href":"https:\/\/collegeleonardlenoir.fr\/index.php\/wp-json\/wp\/v2\/types\/page"}],"author":[{"embeddable":true,"href":"https:\/\/collegeleonardlenoir.fr\/index.php\/wp-json\/wp\/v2\/users\/1"}],"replies":[{"embeddable":true,"href":"https:\/\/collegeleonardlenoir.fr\/index.php\/wp-json\/wp\/v2\/comments?post=228"}],"version-history":[{"count":7,"href":"https:\/\/collegeleonardlenoir.fr\/index.php\/wp-json\/wp\/v2\/pages\/228\/revisions"}],"predecessor-version":[{"id":993,"href":"https:\/\/collegeleonardlenoir.fr\/index.php\/wp-json\/wp\/v2\/pages\/228\/revisions\/993"}],"wp:attachment":[{"href":"https:\/\/collegeleonardlenoir.fr\/index.php\/wp-json\/wp\/v2\/media?parent=228"}],"curies":[{"name":"wp","href":"https:\/\/api.w.org\/{rel}","templated":true}]}}