{"id":120,"date":"2025-03-25T14:46:03","date_gmt":"2025-03-25T13:46:03","guid":{"rendered":"https:\/\/collegeleonardlenoir.fr\/?page_id=120"},"modified":"2025-06-10T12:22:43","modified_gmt":"2025-06-10T10:22:43","slug":"bourses-2","status":"publish","type":"page","link":"https:\/\/collegeleonardlenoir.fr\/index.php\/bourses-2\/","title":{"rendered":"Bourses"},"content":{"rendered":"\n<ol style=\"list-style-type:upper-roman\" class=\"wp-block-list\">\n<li><strong><u>Bourses<\/u><\/strong><\/li>\n<\/ol>\n\n\n\n<p><strong><u>Bourses<\/u><\/strong><\/p>\n\n\n\n<p><strong><u>A \u2013 Bourses nationales<\/u><\/strong><\/p>\n\n\n\n<p>La campagne de <strong>bourses nationales<\/strong> d\u00e9bute \u00e0 la rentr\u00e9e et prend fin autour des vacances d\u2019automne. Cette bourse vient en compensation automatique de vos factures.<\/p>\n\n\n\n<p>Si vous n\u2019avez pas de cr\u00e9ances, elle vous est directement vers\u00e9e sur le compte bancaire du responsable l\u00e9gal payant les frais scolaires, en fin de trimestre.<\/p>\n\n\n\n<p><strong><u>Vous avez la possibilit\u00e9 de&nbsp;:<\/u><\/strong><\/p>\n\n\n\n<ul class=\"wp-block-list\">\n<li>Demander l\u2019\u00e9tude automatique du droit \u00e0 la bourse en cochant la case pr\u00e9sente sur le dossier d\u2019inscription. Si vous savez, d\u2019ores et d\u00e9j\u00e0, que vous d\u00e9passez les montants de revenus indiqu\u00e9s, merci de pr\u00eater attention \u00e0 ne pas cocher cette case.<\/li>\n\n\n\n<li>Faire une demande directement sur internet (voir section \u00ab&nbsp;Liens utiles&nbsp;\u00bb)<\/li>\n\n\n\n<li>Faire une demande au format papier.<\/li>\n<\/ul>\n\n\n\n<p>Il peut vous \u00eatre demand\u00e9 les documents suivants&nbsp;:<\/p>\n\n\n\n<ul class=\"wp-block-list\">\n<li>Avis d\u2019imposition de l\u2019ann\u00e9e pr\u00e9c\u00e9dente. C\u2019est pourquoi, il est conseill\u00e9 de faire votre d\u00e9claration d\u2019imp\u00f4t en temps et en heure, afin d\u2019\u00e9viter que votre dossier soit refus\u00e9.<\/li>\n\n\n\n<li>Attestation de paiement de la CAF r\u00e9cente.<\/li>\n<\/ul>\n\n\n\n<p>Merci d\u2019anticiper ces demandes, afin que votre dossier soit instruit le plus rapidement possible.<\/p>\n\n\n\n<p>Vous trouverez ci-dessous le bar\u00e8me 2024-2025, ainsi qu&rsquo;un simulateur en cliquant <a href=\"https:\/\/calculateur-bourses.education.gouv.fr\/cabs\/api\/v1\/college\/simulateur.html\">ici<\/a>. <\/p>\n\n\n\n<figure class=\"wp-block-image size-full\"><img fetchpriority=\"high\" decoding=\"async\" width=\"811\" height=\"122\" src=\"https:\/\/collegeleonardlenoir.fr\/wp-content\/uploads\/2025\/06\/Capture-decran-bourse.png\" alt=\"\" class=\"wp-image-621\" srcset=\"https:\/\/collegeleonardlenoir.fr\/wp-content\/uploads\/2025\/06\/Capture-decran-bourse.png 811w, https:\/\/collegeleonardlenoir.fr\/wp-content\/uploads\/2025\/06\/Capture-decran-bourse-300x45.png 300w, https:\/\/collegeleonardlenoir.fr\/wp-content\/uploads\/2025\/06\/Capture-decran-bourse-768x116.png 768w\" sizes=\"(max-width: 811px) 100vw, 811px\" \/><\/figure>\n\n\n\n<p><strong><u>A \u2013 Bourses d\u00e9partementales<\/u><\/strong><\/p>\n\n\n\n<p>La campagne de <strong>bourses d\u00e9partementales<\/strong> d\u00e9bute au mois de janvier et se termine d\u00e9but mai et ne concerne que les familles ayant eu une attribution de bourses nationales. Ce sont les services administratifs du d\u00e9partement qui accepte ou refuse ces demandes.<\/p>\n\n\n\n<p>Nous vous conseillons de faire votre demande en ligne (voir section \u00ab&nbsp;Liens utiles&nbsp;\u00bb) afin que le paiement soit le plus rapide possible. Vous pouvez \u00e9galement faire cette demande via le formulaire papier distribu\u00e9 et le transmettre au secr\u00e9tariat.<\/p>\n\n\n\n<p><\/p>\n","protected":false},"excerpt":{"rendered":"<p>Bourses A \u2013 Bourses nationales La campagne de bourses nationales d\u00e9bute \u00e0 la rentr\u00e9e et prend fin autour des vacances d\u2019automne. Cette bourse vient en compensation automatique de vos factures. Si vous n\u2019avez pas de cr\u00e9ances, elle vous est directement vers\u00e9e sur le compte bancaire du responsable l\u00e9gal payant les frais scolaires, en fin de trimestre. Vous avez la possibilit\u00e9 de&nbsp;: Il peut vous \u00eatre demand\u00e9 les documents suivants&nbsp;: Merci d\u2019anticiper ces demandes, afin que votre dossier soit instruit le plus rapidement possible. Vous trouverez ci-dessous le bar\u00e8me 2024-2025, ainsi qu&rsquo;un simulateur en cliquant ici. A \u2013 Bourses d\u00e9partementales La campagne de bourses d\u00e9partementales d\u00e9bute au mois de janvier et se termine d\u00e9but mai et ne concerne que les familles ayant eu une attribution de bourses nationales. Ce sont les services administratifs du d\u00e9partement qui accepte ou refuse ces demandes. Nous vous conseillons de faire votre demande en ligne (voir section \u00ab&nbsp;Liens utiles&nbsp;\u00bb) afin que le paiement soit le plus rapide possible. Vous pouvez \u00e9galement faire cette demande via le formulaire papier distribu\u00e9 et le transmettre au secr\u00e9tariat.<\/p>\n","protected":false},"author":1,"featured_media":0,"parent":0,"menu_order":0,"comment_status":"closed","ping_status":"closed","template":"","meta":{"ocean_post_layout":"","ocean_both_sidebars_style":"","ocean_both_sidebars_content_width":0,"ocean_both_sidebars_sidebars_width":0,"ocean_sidebar":"","ocean_second_sidebar":"","ocean_disable_margins":"enable","ocean_add_body_class":"","ocean_shortcode_before_top_bar":"","ocean_shortcode_after_top_bar":"","ocean_shortcode_before_header":"","ocean_shortcode_after_header":"","ocean_has_shortcode":"","ocean_shortcode_after_title":"","ocean_shortcode_before_footer_widgets":"","ocean_shortcode_after_footer_widgets":"","ocean_shortcode_before_footer_bottom":"","ocean_shortcode_after_footer_bottom":"","ocean_display_top_bar":"default","ocean_display_header":"default","ocean_header_style":"","ocean_center_header_left_menu":"","ocean_custom_header_template":"","ocean_custom_logo":0,"ocean_custom_retina_logo":0,"ocean_custom_logo_max_width":0,"ocean_custom_logo_tablet_max_width":0,"ocean_custom_logo_mobile_max_width":0,"ocean_custom_logo_max_height":0,"ocean_custom_logo_tablet_max_height":0,"ocean_custom_logo_mobile_max_height":0,"ocean_header_custom_menu":"","ocean_menu_typo_font_family":"","ocean_menu_typo_font_subset":"","ocean_menu_typo_font_size":0,"ocean_menu_typo_font_size_tablet":0,"ocean_menu_typo_font_size_mobile":0,"ocean_menu_typo_font_size_unit":"px","ocean_menu_typo_font_weight":"","ocean_menu_typo_font_weight_tablet":"","ocean_menu_typo_font_weight_mobile":"","ocean_menu_typo_transform":"","ocean_menu_typo_transform_tablet":"","ocean_menu_typo_transform_mobile":"","ocean_menu_typo_line_height":0,"ocean_menu_typo_line_height_tablet":0,"ocean_menu_typo_line_height_mobile":0,"ocean_menu_typo_line_height_unit":"","ocean_menu_typo_spacing":0,"ocean_menu_typo_spacing_tablet":0,"ocean_menu_typo_spacing_mobile":0,"ocean_menu_typo_spacing_unit":"","ocean_menu_link_color":"","ocean_menu_link_color_hover":"","ocean_menu_link_color_active":"","ocean_menu_link_background":"","ocean_menu_link_hover_background":"","ocean_menu_link_active_background":"","ocean_menu_social_links_bg":"","ocean_menu_social_hover_links_bg":"","ocean_menu_social_links_color":"","ocean_menu_social_hover_links_color":"","ocean_disable_title":"default","ocean_disable_heading":"default","ocean_post_title":"","ocean_post_subheading":"","ocean_post_title_style":"","ocean_post_title_background_color":"","ocean_post_title_background":0,"ocean_post_title_bg_image_position":"","ocean_post_title_bg_image_attachment":"","ocean_post_title_bg_image_repeat":"","ocean_post_title_bg_image_size":"","ocean_post_title_height":0,"ocean_post_title_bg_overlay":0.5,"ocean_post_title_bg_overlay_color":"","ocean_disable_breadcrumbs":"default","ocean_breadcrumbs_color":"","ocean_breadcrumbs_separator_color":"","ocean_breadcrumbs_links_color":"","ocean_breadcrumbs_links_hover_color":"","ocean_display_footer_widgets":"default","ocean_display_footer_bottom":"default","ocean_custom_footer_template":"","footnotes":""},"class_list":["post-120","page","type-page","status-publish","hentry","entry"],"_links":{"self":[{"href":"https:\/\/collegeleonardlenoir.fr\/index.php\/wp-json\/wp\/v2\/pages\/120","targetHints":{"allow":["GET"]}}],"collection":[{"href":"https:\/\/collegeleonardlenoir.fr\/index.php\/wp-json\/wp\/v2\/pages"}],"about":[{"href":"https:\/\/collegeleonardlenoir.fr\/index.php\/wp-json\/wp\/v2\/types\/page"}],"author":[{"embeddable":true,"href":"https:\/\/collegeleonardlenoir.fr\/index.php\/wp-json\/wp\/v2\/users\/1"}],"replies":[{"embeddable":true,"href":"https:\/\/collegeleonardlenoir.fr\/index.php\/wp-json\/wp\/v2\/comments?post=120"}],"version-history":[{"count":6,"href":"https:\/\/collegeleonardlenoir.fr\/index.php\/wp-json\/wp\/v2\/pages\/120\/revisions"}],"predecessor-version":[{"id":622,"href":"https:\/\/collegeleonardlenoir.fr\/index.php\/wp-json\/wp\/v2\/pages\/120\/revisions\/622"}],"wp:attachment":[{"href":"https:\/\/collegeleonardlenoir.fr\/index.php\/wp-json\/wp\/v2\/media?parent=120"}],"curies":[{"name":"wp","href":"https:\/\/api.w.org\/{rel}","templated":true}]}}